{"id":16445,"date":"2024-11-13T10:44:35","date_gmt":"2024-11-13T09:44:35","guid":{"rendered":"https:\/\/www.stillirise.org\/support-us\/personal-fundraising\/donanzioni-personal-fundrasing\/"},"modified":"2024-12-16T15:13:13","modified_gmt":"2024-12-16T14:13:13","slug":"donations-personal-fundrasing","status":"publish","type":"page","link":"https:\/\/www.stillirise.org\/en\/support-us\/personal-fundraising\/donations-personal-fundrasing\/","title":{"rendered":"Donazioni Personal Fundrasing EN"},"content":{"rendered":"","protected":false},"excerpt":{"rendered":"","protected":false},"author":1,"featured_media":0,"parent":16411,"menu_order":0,"comment_status":"closed","ping_status":"closed","template":"donation.blade.php","meta":{"footnotes":""},"class_list":["post-16445","page","type-page","status-publish","hentry"],"acf":[],"yoast_head":"<!-- This site is optimized with the Yoast SEO plugin v18.9 - https:\/\/yoast.com\/wordpress\/plugins\/seo\/ -->\n<title>Cambia il mondo, dona ora | Still I Rise<\/title>\n<meta name=\"description\" content=\"Siamo una delle realt\u00e0 pi\u00f9 trasparenti in Italia. Donando sai che il 93% della tua generosit\u00e0 andr\u00e0 a costruire un futuro migliore per i bambini del mondo.\" \/>\n<meta name=\"robots\" content=\"noindex, follow\" \/>\n<meta property=\"og:locale\" content=\"en_US\" \/>\n<meta property=\"og:type\" content=\"article\" \/>\n<meta property=\"og:title\" content=\"Cambia il mondo, dona ora | Still I Rise\" \/>\n<meta property=\"og:description\" content=\"Siamo una delle realt\u00e0 pi\u00f9 trasparenti in Italia. Donando sai che il 93% della tua generosit\u00e0 andr\u00e0 a costruire un futuro migliore per i bambini del mondo.\" \/>\n<meta property=\"og:url\" content=\"https:\/\/www.stillirise.org\/en\/support-us\/personal-fundraising\/donations-personal-fundrasing\/\" \/>\n<meta property=\"og:site_name\" content=\"Still I Rise\" \/>\n<meta property=\"article:modified_time\" content=\"2024-12-16T14:13:13+00:00\" \/>\n<meta name=\"twitter:card\" content=\"summary_large_image\" \/>\n<script type=\"application\/ld+json\" class=\"yoast-schema-graph\">{\"@context\":\"https:\/\/schema.org\",\"@graph\":[{\"@type\":\"WebSite\",\"@id\":\"https:\/\/www.stillirise.org\/#website\",\"url\":\"https:\/\/www.stillirise.org\/\",\"name\":\"Still I Rise\",\"description\":\"\",\"potentialAction\":[{\"@type\":\"SearchAction\",\"target\":{\"@type\":\"EntryPoint\",\"urlTemplate\":\"https:\/\/www.stillirise.org\/?s={search_term_string}\"},\"query-input\":\"required name=search_term_string\"}],\"inLanguage\":\"en-US\"},{\"@type\":\"WebPage\",\"@id\":\"https:\/\/www.stillirise.org\/en\/support-us\/personal-fundraising\/donations-personal-fundrasing\/#webpage\",\"url\":\"https:\/\/www.stillirise.org\/en\/support-us\/personal-fundraising\/donations-personal-fundrasing\/\",\"name\":\"Cambia il mondo, dona ora | Still I Rise\",\"isPartOf\":{\"@id\":\"https:\/\/www.stillirise.org\/#website\"},\"datePublished\":\"2024-11-13T09:44:35+00:00\",\"dateModified\":\"2024-12-16T14:13:13+00:00\",\"description\":\"Siamo una delle realt\u00e0 pi\u00f9 trasparenti in Italia. Donando sai che il 93% della tua generosit\u00e0 andr\u00e0 a costruire un futuro migliore per i bambini del mondo.\",\"breadcrumb\":{\"@id\":\"https:\/\/www.stillirise.org\/en\/support-us\/personal-fundraising\/donations-personal-fundrasing\/#breadcrumb\"},\"inLanguage\":\"en-US\",\"potentialAction\":[{\"@type\":\"ReadAction\",\"target\":[\"https:\/\/www.stillirise.org\/en\/support-us\/personal-fundraising\/donations-personal-fundrasing\/\"]}]},{\"@type\":\"BreadcrumbList\",\"@id\":\"https:\/\/www.stillirise.org\/en\/support-us\/personal-fundraising\/donations-personal-fundrasing\/#breadcrumb\",\"itemListElement\":[{\"@type\":\"ListItem\",\"position\":1,\"name\":\"Home\",\"item\":\"https:\/\/www.stillirise.org\/en\/\"},{\"@type\":\"ListItem\",\"position\":2,\"name\":\"Support us\",\"item\":\"https:\/\/www.stillirise.org\/en\/support-us\/\"},{\"@type\":\"ListItem\",\"position\":3,\"name\":\"Start a fundraising campaign\",\"item\":\"https:\/\/www.stillirise.org\/en\/support-us\/personal-fundraising\/\"},{\"@type\":\"ListItem\",\"position\":4,\"name\":\"Donazioni Personal Fundrasing EN\"}]}]}<\/script>\n<!-- \/ Yoast SEO plugin. -->","yoast_head_json":{"title":"Cambia il mondo, dona ora | Still I Rise","description":"Siamo una delle realt\u00e0 pi\u00f9 trasparenti in Italia. Donando sai che il 93% della tua generosit\u00e0 andr\u00e0 a costruire un futuro migliore per i bambini del mondo.","robots":{"index":"noindex","follow":"follow"},"og_locale":"en_US","og_type":"article","og_title":"Cambia il mondo, dona ora | Still I Rise","og_description":"Siamo una delle realt\u00e0 pi\u00f9 trasparenti in Italia. Donando sai che il 93% della tua generosit\u00e0 andr\u00e0 a costruire un futuro migliore per i bambini del mondo.","og_url":"https:\/\/www.stillirise.org\/en\/support-us\/personal-fundraising\/donations-personal-fundrasing\/","og_site_name":"Still I Rise","article_modified_time":"2024-12-16T14:13:13+00:00","twitter_card":"summary_large_image","schema":{"@context":"https:\/\/schema.org","@graph":[{"@type":"WebSite","@id":"https:\/\/www.stillirise.org\/#website","url":"https:\/\/www.stillirise.org\/","name":"Still I Rise","description":"","potentialAction":[{"@type":"SearchAction","target":{"@type":"EntryPoint","urlTemplate":"https:\/\/www.stillirise.org\/?s={search_term_string}"},"query-input":"required name=search_term_string"}],"inLanguage":"en-US"},{"@type":"WebPage","@id":"https:\/\/www.stillirise.org\/en\/support-us\/personal-fundraising\/donations-personal-fundrasing\/#webpage","url":"https:\/\/www.stillirise.org\/en\/support-us\/personal-fundraising\/donations-personal-fundrasing\/","name":"Cambia il mondo, dona ora | Still I Rise","isPartOf":{"@id":"https:\/\/www.stillirise.org\/#website"},"datePublished":"2024-11-13T09:44:35+00:00","dateModified":"2024-12-16T14:13:13+00:00","description":"Siamo una delle realt\u00e0 pi\u00f9 trasparenti in Italia. Donando sai che il 93% della tua generosit\u00e0 andr\u00e0 a costruire un futuro migliore per i bambini del mondo.","breadcrumb":{"@id":"https:\/\/www.stillirise.org\/en\/support-us\/personal-fundraising\/donations-personal-fundrasing\/#breadcrumb"},"inLanguage":"en-US","potentialAction":[{"@type":"ReadAction","target":["https:\/\/www.stillirise.org\/en\/support-us\/personal-fundraising\/donations-personal-fundrasing\/"]}]},{"@type":"BreadcrumbList","@id":"https:\/\/www.stillirise.org\/en\/support-us\/personal-fundraising\/donations-personal-fundrasing\/#breadcrumb","itemListElement":[{"@type":"ListItem","position":1,"name":"Home","item":"https:\/\/www.stillirise.org\/en\/"},{"@type":"ListItem","position":2,"name":"Support us","item":"https:\/\/www.stillirise.org\/en\/support-us\/"},{"@type":"ListItem","position":3,"name":"Start a fundraising campaign","item":"https:\/\/www.stillirise.org\/en\/support-us\/personal-fundraising\/"},{"@type":"ListItem","position":4,"name":"Donazioni Personal Fundrasing EN"}]}]}},"seo_meta":false,"_links":{"self":[{"href":"https:\/\/www.stillirise.org\/en\/wp-json\/wp\/v2\/pages\/16445","targetHints":{"allow":["GET"]}}],"collection":[{"href":"https:\/\/www.stillirise.org\/en\/wp-json\/wp\/v2\/pages"}],"about":[{"href":"https:\/\/www.stillirise.org\/en\/wp-json\/wp\/v2\/types\/page"}],"author":[{"embeddable":true,"href":"https:\/\/www.stillirise.org\/en\/wp-json\/wp\/v2\/users\/1"}],"replies":[{"embeddable":true,"href":"https:\/\/www.stillirise.org\/en\/wp-json\/wp\/v2\/comments?post=16445"}],"version-history":[{"count":5,"href":"https:\/\/www.stillirise.org\/en\/wp-json\/wp\/v2\/pages\/16445\/revisions"}],"predecessor-version":[{"id":16484,"href":"https:\/\/www.stillirise.org\/en\/wp-json\/wp\/v2\/pages\/16445\/revisions\/16484"}],"up":[{"embeddable":true,"href":"https:\/\/www.stillirise.org\/en\/wp-json\/wp\/v2\/pages\/16411"}],"wp:attachment":[{"href":"https:\/\/www.stillirise.org\/en\/wp-json\/wp\/v2\/media?parent=16445"}],"curies":[{"name":"wp","href":"https:\/\/api.w.org\/{rel}","templated":true}]}}